{"id":16,"date":"2018-01-24T02:40:09","date_gmt":"2018-01-24T01:40:09","guid":{"rendered":"http:\/\/skyttarna.azurewebsites.net\/?page_id=16"},"modified":"2023-04-25T22:16:59","modified_gmt":"2023-04-25T20:16:59","slug":"startsida","status":"publish","type":"page","link":"http:\/\/skyttarna.se\/","title":{"rendered":"Startsida"},"content":{"rendered":"\n<p>V\u00e4lkommen till Smedjebackens Skyttef\u00f6rening, och v\u00e4lkommen till v\u00e5ran hemsida.<\/p>\n\n\n<ul class=\"wp-block-latest-posts__list wp-block-latest-posts\"><li><a class=\"wp-block-latest-posts__post-title\" href=\"http:\/\/skyttarna.se\/index.php\/2025\/03\/18\/arsmote-2025\/\">\u00c5rsm\u00f6te 2025<\/a><\/li>\n<li><a class=\"wp-block-latest-posts__post-title\" href=\"http:\/\/skyttarna.se\/index.php\/2025\/01\/08\/fritt-gevar\/\">Fritt Gev\u00e4r<\/a><\/li>\n<li><a class=\"wp-block-latest-posts__post-title\" href=\"http:\/\/skyttarna.se\/index.php\/2024\/03\/11\/arsmote-2024\/\">\u00c5rsm\u00f6te 2024<\/a><\/li>\n<li><a class=\"wp-block-latest-posts__post-title\" href=\"http:\/\/skyttarna.se\/index.php\/2023\/10\/09\/25-50-metersbanan-bokad-28-10-2023\/\">25\/50 metersbanan bokad 28\/10 2023<\/a><\/li>\n<li><a class=\"wp-block-latest-posts__post-title\" href=\"http:\/\/skyttarna.se\/index.php\/2023\/05\/09\/arbetsdag-den-21-maj\/\">Arbetsdag den 21 maj<\/a><\/li>\n<\/ul>\n\n\n<p>F\u00f6rst ut presenterar vi den fantastiska 300M-banan med skjuthall.<\/p>\n\n\n\n<div class=\"wp-block-file\"><a id=\"wp-block-file--media-a09c4b43-5f28-4560-815f-d3c556de7754\" href=\"\/wp-content\/uploads\/2021\/10\/Smedjebackens-Skyttef\u00f6rening-Skjutbaneinstruktion-300-20211018.pdf\">Smedjebackens-Skyttef\u00f6rening-Skjutbaneinstruktion-300-20211018<\/a><a href=\"\/wp-content\/uploads\/2021\/10\/Smedjebackens-Skyttef\u00f6rening-Skjutbaneinstruktion-300-20211018.pdf\" class=\"wp-block-file__button\" download aria-describedby=\"wp-block-file--media-a09c4b43-5f28-4560-815f-d3c556de7754\">Ladda ner<\/a><\/div>\n\n\n\n<p><\/p>\n\n\n\n<p>D\u00e4refter passar vi p\u00e5 att n\u00e4mna v\u00e5ran nya Hagelbana som \u00e4r bel\u00e4gen p\u00e5 300M-banan, d\u00e4r vi kan skjuta fr\u00e5nduva med st\u00e5lhagel. Blyhagel f\u00e5r ej anv\u00e4ndas p\u00e5 skjutbanan.<\/p>\n\n\n\n<div class=\"wp-block-file\"><a id=\"wp-block-file--media-5b181616-96a0-468a-86c7-25b21259f463\" href=\"\/wp-content\/uploads\/2021\/10\/Smedjebackens-Skyttef\u00f6rening-Skjutbaneinstruktion-Hagel-20211018.pdf\">Smedjebackens-Skyttef\u00f6rening-Skjutbaneinstruktion-Hagel-20211018<\/a><a href=\"\/wp-content\/uploads\/2021\/10\/Smedjebackens-Skyttef\u00f6rening-Skjutbaneinstruktion-Hagel-20211018.pdf\" class=\"wp-block-file__button\" download aria-describedby=\"wp-block-file--media-5b181616-96a0-468a-86c7-25b21259f463\">Ladda ner<\/a><\/div>\n\n\n\n<p><\/p>\n\n\n\n<p>Sedan har vi v\u00e5ran 50M-bana som ligger borta vid dansbanan, den har blivit lite smalare men till\u00e5ter ett kortare skytte upp till klass 1.<\/p>\n\n\n\n<div class=\"wp-block-file\"><a id=\"wp-block-file--media-9184f890-47ae-49d2-a2e9-338d5939bb57\" href=\"\/wp-content\/uploads\/2021\/10\/Smedjebackens-Skyttef\u00f6rening-Skjutbaneinstruktion-50-20211018.pdf\">Smedjebackens-Skyttef\u00f6rening-Skjutbaneinstruktion-50-20211018<\/a><a href=\"\/wp-content\/uploads\/2021\/10\/Smedjebackens-Skyttef\u00f6rening-Skjutbaneinstruktion-50-20211018.pdf\" class=\"wp-block-file__button\" download aria-describedby=\"wp-block-file--media-9184f890-47ae-49d2-a2e9-338d5939bb57\">Ladda ner<\/a><\/div>\n\n\n\n<p><\/p>\n\n\n\n<p>Och sist, men inte minst har vi nu en ny 25M-bana som sitter ihop med 50M-metersbanan. D\u00e4r kan vi skjuta gev\u00e4r upp till klass 4 och enhandsvapen upp till kaliber .45.<\/p>\n\n\n\n<div class=\"wp-block-file\"><a id=\"wp-block-file--media-ac4c41d3-25df-46e8-b9b8-13fbb9515237\" href=\"\/wp-content\/uploads\/2021\/10\/Smedjebackens-Skyttef\u00f6rening-Skjutbaneinstruktion-25M-20211018.pdf\">Smedjebackens-Skyttef\u00f6rening-Skjutbaneinstruktion-25M-20211018<\/a><a href=\"\/wp-content\/uploads\/2021\/10\/Smedjebackens-Skyttef\u00f6rening-Skjutbaneinstruktion-25M-20211018.pdf\" class=\"wp-block-file__button\" download aria-describedby=\"wp-block-file--media-ac4c41d3-25df-46e8-b9b8-13fbb9515237\">Ladda ner<\/a><\/div>\n\n\n\n<p><\/p>\n\n\n\n<p>Vi vill p\u00e5minna att luftburna duvor f\u00e5r endast skjutas p\u00e5 hagelbanan, och d\u00e5 fr\u00e5nduva. Vi vill ocks\u00e5 p\u00e5minna att ut\u00f6ver de l\u00e4nkade tillst\u00e5nden g\u00e4ller fortfarande <a rel=\"noreferrer noopener\" href=\"https:\/\/www.skyttesport.se\/globalassets\/svenska-skyttesportforbundet\/regler\/sakb\/sakb-2015-version-september_.pdf\" target=\"_blank\">S\u00e4kB 2015<\/a> samt <a rel=\"noreferrer noopener\" href=\"https:\/\/www.skyttesport.se\/globalassets\/svenska-skyttesportforbundet\/regler\/sakb\/sakb_2020.pdf\" target=\"_blank\">S\u00e4kB 2020<\/a>. <\/p>\n\n\n\n<p>Och d\u00e5 vi f\u00f6r n\u00e4rvarande har ett f\u00f6rbud mot blyhagel f\u00e5r endast st\u00e5lhagel skjutas p\u00e5 n\u00e5gon v\u00e5ra banor.<\/p>\n\n\n\n<p><strong>Skytteformer<\/strong><br>CAS: Mattias Lind<br>Svartkrut: Rickard Wickman<br>Fritt gev\u00e4r: Niclas Carlman, Peter Karlsson<br>Luftgev\u00e4r: Mikael Siren<br>22\/6.5: Mikael Siren<br>Lerduva: Mikael Siren<\/p>\n\n\n\n<p><\/p>\n","protected":false},"excerpt":{"rendered":"<p>V\u00e4lkommen till Smedjebackens Skyttef\u00f6rening, och v\u00e4lkommen till v\u00e5ran hemsida. F\u00f6rst ut presenterar vi den fantastiska 300M-banan med skjuthall. D\u00e4refter passar vi p\u00e5 att n\u00e4mna v\u00e5ran nya Hagelbana som \u00e4r bel\u00e4gen p\u00e5 300M-banan, d\u00e4r vi kan skjuta fr\u00e5nduva med st\u00e5lhagel. Blyhagel f\u00e5r ej anv\u00e4ndas p\u00e5 skjutbanan. Sedan har vi v\u00e5ran 50M-bana som ligger borta vid dansbanan, &hellip; <\/p>\n<p class=\"link-more\"><a href=\"http:\/\/skyttarna.se\/\" class=\"more-link\">Forts\u00e4tt l\u00e4sa<span class=\"screen-reader-text\"> \u201dStartsida\u201d<\/span><\/a><\/p>\n","protected":false},"author":4,"featured_media":0,"parent":0,"menu_order":0,"comment_status":"closed","ping_status":"closed","template":"","meta":{"footnotes":""},"class_list":["post-16","page","type-page","status-publish","hentry"],"_links":{"self":[{"href":"http:\/\/skyttarna.se\/index.php\/wp-json\/wp\/v2\/pages\/16","targetHints":{"allow":["GET"]}}],"collection":[{"href":"http:\/\/skyttarna.se\/index.php\/wp-json\/wp\/v2\/pages"}],"about":[{"href":"http:\/\/skyttarna.se\/index.php\/wp-json\/wp\/v2\/types\/page"}],"author":[{"embeddable":true,"href":"http:\/\/skyttarna.se\/index.php\/wp-json\/wp\/v2\/users\/4"}],"replies":[{"embeddable":true,"href":"http:\/\/skyttarna.se\/index.php\/wp-json\/wp\/v2\/comments?post=16"}],"version-history":[{"count":45,"href":"http:\/\/skyttarna.se\/index.php\/wp-json\/wp\/v2\/pages\/16\/revisions"}],"predecessor-version":[{"id":336,"href":"http:\/\/skyttarna.se\/index.php\/wp-json\/wp\/v2\/pages\/16\/revisions\/336"}],"wp:attachment":[{"href":"http:\/\/skyttarna.se\/index.php\/wp-json\/wp\/v2\/media?parent=16"}],"curies":[{"name":"wp","href":"https:\/\/api.w.org\/{rel}","templated":true}]}}